{"id":201,"date":"2024-05-22T18:03:35","date_gmt":"2024-05-22T18:03:35","guid":{"rendered":"https:\/\/bts-fixings.es\/?page_id=201"},"modified":"2024-05-25T17:22:11","modified_gmt":"2024-05-25T17:22:11","slug":"sistemas-de-instalacion","status":"publish","type":"page","link":"https:\/\/bts-fixings.es\/index.php\/sistemas-de-instalacion\/","title":{"rendered":"Sistemas de Instalaci\u00f3n"},"content":{"rendered":"\t\t<div data-elementor-type=\"wp-page\" data-elementor-id=\"201\" class=\"elementor elementor-201\">\n\t\t\t\t<div class=\"elementor-element elementor-element-56b62d6 e-flex e-con-boxed e-con e-parent\" data-id=\"56b62d6\" data-element_type=\"container\">\n\t\t\t\t\t<div class=\"e-con-inner\">\n\t\t\t\t<div class=\"elementor-element elementor-element-82d8cc9 elementor-widget elementor-widget-heading\" data-id=\"82d8cc9\" data-element_type=\"widget\" data-widget_type=\"heading.default\">\n\t\t\t\t<div class=\"elementor-widget-container\">\n\t\t\t\t\t<h2 class=\"elementor-heading-title elementor-size-default\">Sistema de Instalaci\u00f3n<\/h2>\t\t\t\t<\/div>\n\t\t\t\t<\/div>\n\t\t\t\t\t<\/div>\n\t\t\t\t<\/div>\n\t\t<div class=\"elementor-element elementor-element-c8d5a0e e-grid e-con-boxed e-con e-parent\" data-id=\"c8d5a0e\" data-element_type=\"container\">\n\t\t\t\t\t<div class=\"e-con-inner\">\n\t\t\t\t<div class=\"elementor-element elementor-element-73552a3 elementor-position-top elementor-widget elementor-widget-image-box\" data-id=\"73552a3\" data-element_type=\"widget\" data-widget_type=\"image-box.default\">\n\t\t\t\t<div class=\"elementor-widget-container\">\n\t\t\t\t\t<div class=\"elementor-image-box-wrapper\"><figure class=\"elementor-image-box-img\"><img fetchpriority=\"high\" decoding=\"async\" width=\"2560\" height=\"2560\" src=\"https:\/\/bts-fixings.es\/wp-content\/uploads\/2024\/05\/rail.collection.lh9544-1-scaled.jpg\" class=\"attachment-full size-full wp-image-263\" alt=\"\" srcset=\"https:\/\/bts-fixings.es\/wp-content\/uploads\/2024\/05\/rail.collection.lh9544-1-scaled.jpg 2560w, https:\/\/bts-fixings.es\/wp-content\/uploads\/2024\/05\/rail.collection.lh9544-1-300x300.jpg 300w, https:\/\/bts-fixings.es\/wp-content\/uploads\/2024\/05\/rail.collection.lh9544-1-scaled-100x100.jpg 100w, https:\/\/bts-fixings.es\/wp-content\/uploads\/2024\/05\/rail.collection.lh9544-1-scaled-600x600.jpg 600w, https:\/\/bts-fixings.es\/wp-content\/uploads\/2024\/05\/rail.collection.lh9544-1-1024x1024.jpg 1024w, https:\/\/bts-fixings.es\/wp-content\/uploads\/2024\/05\/rail.collection.lh9544-1-150x150.jpg 150w, https:\/\/bts-fixings.es\/wp-content\/uploads\/2024\/05\/rail.collection.lh9544-1-768x768.jpg 768w, https:\/\/bts-fixings.es\/wp-content\/uploads\/2024\/05\/rail.collection.lh9544-1-1536x1536.jpg 1536w, https:\/\/bts-fixings.es\/wp-content\/uploads\/2024\/05\/rail.collection.lh9544-1-2048x2048.jpg 2048w\" sizes=\"(max-width: 2560px) 100vw, 2560px\" \/><\/figure><div class=\"elementor-image-box-content\"><h3 class=\"elementor-image-box-title\">Ra\u00edles y sus Accesorios<\/h3><p class=\"elementor-image-box-description\">Ra\u00edles perforados con patr\u00f3n est\u00e1ndar para un uso eficiente de accesorios<\/p><\/div><\/div>\t\t\t\t<\/div>\n\t\t\t\t<\/div>\n\t\t\t\t<div class=\"elementor-element elementor-element-9faf307 elementor-position-top elementor-widget elementor-widget-image-box\" data-id=\"9faf307\" data-element_type=\"widget\" data-widget_type=\"image-box.default\">\n\t\t\t\t<div class=\"elementor-widget-container\">\n\t\t\t\t\t<div class=\"elementor-image-box-wrapper\"><figure class=\"elementor-image-box-img\"><a href=\"https:\/\/bts-fixings.es\/index.php\/abrazaderas\/\" tabindex=\"-1\"><img decoding=\"async\" width=\"2064\" height=\"1276\" src=\"https:\/\/bts-fixings.es\/wp-content\/uploads\/2024\/05\/CONJUNTO-01.jpg\" class=\"elementor-animation-grow attachment-full size-full wp-image-265\" alt=\"\" srcset=\"https:\/\/bts-fixings.es\/wp-content\/uploads\/2024\/05\/CONJUNTO-01.jpg 2064w, https:\/\/bts-fixings.es\/wp-content\/uploads\/2024\/05\/CONJUNTO-01-600x371.jpg 600w, https:\/\/bts-fixings.es\/wp-content\/uploads\/2024\/05\/CONJUNTO-01-300x185.jpg 300w, https:\/\/bts-fixings.es\/wp-content\/uploads\/2024\/05\/CONJUNTO-01-1024x633.jpg 1024w, https:\/\/bts-fixings.es\/wp-content\/uploads\/2024\/05\/CONJUNTO-01-768x475.jpg 768w, https:\/\/bts-fixings.es\/wp-content\/uploads\/2024\/05\/CONJUNTO-01-1536x950.jpg 1536w, https:\/\/bts-fixings.es\/wp-content\/uploads\/2024\/05\/CONJUNTO-01-2048x1266.jpg 2048w\" sizes=\"(max-width: 2064px) 100vw, 2064px\" \/><\/a><\/figure><div class=\"elementor-image-box-content\"><h3 class=\"elementor-image-box-title\"><a href=\"https:\/\/bts-fixings.es\/index.php\/abrazaderas\/\">Abrazaderas<\/a><\/h3><p class=\"elementor-image-box-description\">Abrazaderas con y sin aislamiento, abrazaderas pl\u00e1sticas y abrazaderas Inoxidables<\/p><\/div><\/div>\t\t\t\t<\/div>\n\t\t\t\t<\/div>\n\t\t\t\t<div class=\"elementor-element elementor-element-9dab361 elementor-position-top elementor-widget elementor-widget-image-box\" data-id=\"9dab361\" data-element_type=\"widget\" data-widget_type=\"image-box.default\">\n\t\t\t\t<div class=\"elementor-widget-container\">\n\t\t\t\t\t<div class=\"elementor-image-box-wrapper\"><figure class=\"elementor-image-box-img\"><img decoding=\"async\" width=\"2378\" height=\"1668\" src=\"https:\/\/bts-fixings.es\/wp-content\/uploads\/2024\/05\/CONJUNTO-02.jpg\" class=\"attachment-full size-full wp-image-267\" alt=\"\" srcset=\"https:\/\/bts-fixings.es\/wp-content\/uploads\/2024\/05\/CONJUNTO-02.jpg 2378w, https:\/\/bts-fixings.es\/wp-content\/uploads\/2024\/05\/CONJUNTO-02-600x421.jpg 600w, https:\/\/bts-fixings.es\/wp-content\/uploads\/2024\/05\/CONJUNTO-02-300x210.jpg 300w, https:\/\/bts-fixings.es\/wp-content\/uploads\/2024\/05\/CONJUNTO-02-1024x718.jpg 1024w, https:\/\/bts-fixings.es\/wp-content\/uploads\/2024\/05\/CONJUNTO-02-768x539.jpg 768w, https:\/\/bts-fixings.es\/wp-content\/uploads\/2024\/05\/CONJUNTO-02-1536x1077.jpg 1536w, https:\/\/bts-fixings.es\/wp-content\/uploads\/2024\/05\/CONJUNTO-02-2048x1437.jpg 2048w\" sizes=\"(max-width: 2378px) 100vw, 2378px\" \/><\/figure><div class=\"elementor-image-box-content\"><h3 class=\"elementor-image-box-title\">Accesorios de Montaje<\/h3><p class=\"elementor-image-box-description\">Tuercas y arandelas, tornillos, manguitos, placas de anclaje, cintas perforadas, mordazas y un largo etc\u00e9tera<\/p><\/div><\/div>\t\t\t\t<\/div>\n\t\t\t\t<\/div>\n\t\t\t\t\t<\/div>\n\t\t\t\t<\/div>\n\t\t<div class=\"elementor-element elementor-element-4a28519 e-flex e-con-boxed e-con e-parent\" data-id=\"4a28519\" data-element_type=\"container\">\n\t\t\t\t\t<div class=\"e-con-inner\">\n\t\t\t\t<div class=\"elementor-element elementor-element-317c108 elementor-widget-divider--view-line elementor-widget elementor-widget-divider\" data-id=\"317c108\" data-element_type=\"widget\" data-widget_type=\"divider.default\">\n\t\t\t\t<div class=\"elementor-widget-container\">\n\t\t\t\t\t\t\t<div class=\"elementor-divider\">\n\t\t\t<span class=\"elementor-divider-separator\">\n\t\t\t\t\t\t<\/span>\n\t\t<\/div>\n\t\t\t\t\t\t<\/div>\n\t\t\t\t<\/div>\n\t\t\t\t\t<\/div>\n\t\t\t\t<\/div>\n\t\t<div class=\"elementor-element elementor-element-2540dd1 e-flex e-con-boxed e-con e-parent\" data-id=\"2540dd1\" data-element_type=\"container\">\n\t\t\t\t\t<div class=\"e-con-inner\">\n\t\t<div class=\"elementor-element elementor-element-d10d329 e-con-full e-flex e-con e-child\" data-id=\"d10d329\" data-element_type=\"container\">\n\t\t\t\t<div class=\"elementor-element elementor-element-e1a95ad elementor-widget elementor-widget-image\" data-id=\"e1a95ad\" data-element_type=\"widget\" data-widget_type=\"image.default\">\n\t\t\t\t<div class=\"elementor-widget-container\">\n\t\t\t\t\t\t\t\t\t\t\t\t\t\t\t<img loading=\"lazy\" decoding=\"async\" width=\"1024\" height=\"1024\" src=\"https:\/\/bts-fixings.es\/wp-content\/uploads\/2024\/05\/bm.use_.lh11444-1-1024x1024.jpg\" class=\"attachment-large size-large wp-image-274\" alt=\"\" srcset=\"https:\/\/bts-fixings.es\/wp-content\/uploads\/2024\/05\/bm.use_.lh11444-1-1024x1024.jpg 1024w, https:\/\/bts-fixings.es\/wp-content\/uploads\/2024\/05\/bm.use_.lh11444-1-300x300.jpg 300w, https:\/\/bts-fixings.es\/wp-content\/uploads\/2024\/05\/bm.use_.lh11444-1-scaled-100x100.jpg 100w, https:\/\/bts-fixings.es\/wp-content\/uploads\/2024\/05\/bm.use_.lh11444-1-scaled-600x600.jpg 600w, https:\/\/bts-fixings.es\/wp-content\/uploads\/2024\/05\/bm.use_.lh11444-1-150x150.jpg 150w, https:\/\/bts-fixings.es\/wp-content\/uploads\/2024\/05\/bm.use_.lh11444-1-768x768.jpg 768w, https:\/\/bts-fixings.es\/wp-content\/uploads\/2024\/05\/bm.use_.lh11444-1-1536x1536.jpg 1536w, https:\/\/bts-fixings.es\/wp-content\/uploads\/2024\/05\/bm.use_.lh11444-1-2048x2048.jpg 2048w\" sizes=\"(max-width: 1024px) 100vw, 1024px\" \/>\t\t\t\t\t\t\t\t\t\t\t\t\t\t\t<\/div>\n\t\t\t\t<\/div>\n\t\t\t\t<\/div>\n\t\t<div class=\"elementor-element elementor-element-03f5511 e-con-full e-flex e-con e-child\" data-id=\"03f5511\" data-element_type=\"container\">\n\t\t\t\t<div class=\"elementor-element elementor-element-29e78cf elementor-widget elementor-widget-image\" data-id=\"29e78cf\" data-element_type=\"widget\" data-widget_type=\"image.default\">\n\t\t\t\t<div class=\"elementor-widget-container\">\n\t\t\t\t\t\t\t\t\t\t\t\t\t\t\t<img loading=\"lazy\" decoding=\"async\" width=\"1024\" height=\"1024\" src=\"https:\/\/bts-fixings.es\/wp-content\/uploads\/2024\/05\/bsm_use_lh21664-1024x1024.jpg\" class=\"attachment-large size-large wp-image-275\" alt=\"\" srcset=\"https:\/\/bts-fixings.es\/wp-content\/uploads\/2024\/05\/bsm_use_lh21664-1024x1024.jpg 1024w, https:\/\/bts-fixings.es\/wp-content\/uploads\/2024\/05\/bsm_use_lh21664-300x300.jpg 300w, https:\/\/bts-fixings.es\/wp-content\/uploads\/2024\/05\/bsm_use_lh21664-scaled-100x100.jpg 100w, https:\/\/bts-fixings.es\/wp-content\/uploads\/2024\/05\/bsm_use_lh21664-scaled-600x600.jpg 600w, https:\/\/bts-fixings.es\/wp-content\/uploads\/2024\/05\/bsm_use_lh21664-150x150.jpg 150w, https:\/\/bts-fixings.es\/wp-content\/uploads\/2024\/05\/bsm_use_lh21664-768x768.jpg 768w, https:\/\/bts-fixings.es\/wp-content\/uploads\/2024\/05\/bsm_use_lh21664-1536x1536.jpg 1536w, https:\/\/bts-fixings.es\/wp-content\/uploads\/2024\/05\/bsm_use_lh21664-2048x2048.jpg 2048w\" sizes=\"(max-width: 1024px) 100vw, 1024px\" \/>\t\t\t\t\t\t\t\t\t\t\t\t\t\t\t<\/div>\n\t\t\t\t<\/div>\n\t\t\t\t<\/div>\n\t\t<div class=\"elementor-element elementor-element-dd7d81a e-con-full e-flex e-con e-child\" data-id=\"dd7d81a\" data-element_type=\"container\">\n\t\t\t\t<div class=\"elementor-element elementor-element-3661f07 elementor-widget elementor-widget-image\" data-id=\"3661f07\" data-element_type=\"widget\" data-widget_type=\"image.default\">\n\t\t\t\t<div class=\"elementor-widget-container\">\n\t\t\t\t\t\t\t\t\t\t\t\t\t\t\t<img loading=\"lazy\" decoding=\"async\" width=\"768\" height=\"768\" src=\"https:\/\/bts-fixings.es\/wp-content\/uploads\/2024\/05\/railconsole_r4_use_f56044-768x768.jpg\" class=\"attachment-medium_large size-medium_large wp-image-276\" alt=\"\" srcset=\"https:\/\/bts-fixings.es\/wp-content\/uploads\/2024\/05\/railconsole_r4_use_f56044-768x768.jpg 768w, https:\/\/bts-fixings.es\/wp-content\/uploads\/2024\/05\/railconsole_r4_use_f56044-300x300.jpg 300w, https:\/\/bts-fixings.es\/wp-content\/uploads\/2024\/05\/railconsole_r4_use_f56044-scaled-100x100.jpg 100w, https:\/\/bts-fixings.es\/wp-content\/uploads\/2024\/05\/railconsole_r4_use_f56044-scaled-600x600.jpg 600w, https:\/\/bts-fixings.es\/wp-content\/uploads\/2024\/05\/railconsole_r4_use_f56044-1024x1024.jpg 1024w, https:\/\/bts-fixings.es\/wp-content\/uploads\/2024\/05\/railconsole_r4_use_f56044-150x150.jpg 150w, https:\/\/bts-fixings.es\/wp-content\/uploads\/2024\/05\/railconsole_r4_use_f56044-1536x1536.jpg 1536w, https:\/\/bts-fixings.es\/wp-content\/uploads\/2024\/05\/railconsole_r4_use_f56044-2048x2048.jpg 2048w\" sizes=\"(max-width: 768px) 100vw, 768px\" \/>\t\t\t\t\t\t\t\t\t\t\t\t\t\t\t<\/div>\n\t\t\t\t<\/div>\n\t\t\t\t<\/div>\n\t\t\t\t\t<\/div>\n\t\t\t\t<\/div>\n\t\t\t\t<\/div>\n\t\t","protected":false},"excerpt":{"rendered":"<p>Sistema de Instalaci\u00f3n Ra\u00edles y sus Accesorios Ra\u00edles perforados con patr\u00f3n est\u00e1ndar para un uso eficiente de accesorios Abrazaderas Abrazaderas con y sin aislamiento, abrazaderas pl\u00e1sticas y abrazaderas Inoxidables Accesorios de Montaje Tuercas y arandelas, tornillos, manguitos, placas de anclaje, cintas perforadas, mordazas y un largo etc\u00e9tera<\/p>\n","protected":false},"author":1,"featured_media":0,"parent":0,"menu_order":0,"comment_status":"closed","ping_status":"closed","template":"","meta":{"footnotes":""},"class_list":["post-201","page","type-page","status-publish","hentry"],"_links":{"self":[{"href":"https:\/\/bts-fixings.es\/index.php\/wp-json\/wp\/v2\/pages\/201","targetHints":{"allow":["GET"]}}],"collection":[{"href":"https:\/\/bts-fixings.es\/index.php\/wp-json\/wp\/v2\/pages"}],"about":[{"href":"https:\/\/bts-fixings.es\/index.php\/wp-json\/wp\/v2\/types\/page"}],"author":[{"embeddable":true,"href":"https:\/\/bts-fixings.es\/index.php\/wp-json\/wp\/v2\/users\/1"}],"replies":[{"embeddable":true,"href":"https:\/\/bts-fixings.es\/index.php\/wp-json\/wp\/v2\/comments?post=201"}],"version-history":[{"count":25,"href":"https:\/\/bts-fixings.es\/index.php\/wp-json\/wp\/v2\/pages\/201\/revisions"}],"predecessor-version":[{"id":493,"href":"https:\/\/bts-fixings.es\/index.php\/wp-json\/wp\/v2\/pages\/201\/revisions\/493"}],"wp:attachment":[{"href":"https:\/\/bts-fixings.es\/index.php\/wp-json\/wp\/v2\/media?parent=201"}],"curies":[{"name":"wp","href":"https:\/\/api.w.org\/{rel}","templated":true}]}}