{"id":399,"date":"2024-05-24T11:26:49","date_gmt":"2024-05-24T11:26:49","guid":{"rendered":"https:\/\/bts-fixings.es\/?page_id=399"},"modified":"2024-05-27T19:29:50","modified_gmt":"2024-05-27T19:29:50","slug":"abrazaderas","status":"publish","type":"page","link":"https:\/\/bts-fixings.es\/index.php\/abrazaderas\/","title":{"rendered":"Abrazaderas"},"content":{"rendered":"\t\t<div data-elementor-type=\"wp-page\" data-elementor-id=\"399\" class=\"elementor elementor-399\">\n\t\t\t\t<div class=\"elementor-element elementor-element-fdca54f e-flex e-con-boxed e-con e-parent\" data-id=\"fdca54f\" data-element_type=\"container\">\n\t\t\t\t\t<div class=\"e-con-inner\">\n\t\t\t\t<div class=\"elementor-element elementor-element-c6dc200 elementor-widget elementor-widget-heading\" data-id=\"c6dc200\" data-element_type=\"widget\" data-widget_type=\"heading.default\">\n\t\t\t\t<div class=\"elementor-widget-container\">\n\t\t\t\t\t<h2 class=\"elementor-heading-title elementor-size-default\">ABRAZADERAS<\/h2>\t\t\t\t<\/div>\n\t\t\t\t<\/div>\n\t\t\t\t\t<\/div>\n\t\t\t\t<\/div>\n\t\t<div class=\"elementor-element elementor-element-7f6d360 e-grid e-con-boxed e-con e-parent\" data-id=\"7f6d360\" data-element_type=\"container\">\n\t\t\t\t\t<div class=\"e-con-inner\">\n\t\t\t\t<div class=\"elementor-element elementor-element-fddfb06 elementor-position-top elementor-widget elementor-widget-image-box\" data-id=\"fddfb06\" data-element_type=\"widget\" data-widget_type=\"image-box.default\">\n\t\t\t\t<div class=\"elementor-widget-container\">\n\t\t\t\t\t<div class=\"elementor-image-box-wrapper\"><figure class=\"elementor-image-box-img\"><img fetchpriority=\"high\" decoding=\"async\" width=\"2560\" height=\"2393\" src=\"https:\/\/bts-fixings.es\/wp-content\/uploads\/2024\/05\/COMBI-01-scaled.jpg\" class=\"attachment-full size-full wp-image-402\" alt=\"\" srcset=\"https:\/\/bts-fixings.es\/wp-content\/uploads\/2024\/05\/COMBI-01-scaled.jpg 2560w, https:\/\/bts-fixings.es\/wp-content\/uploads\/2024\/05\/COMBI-01-scaled-600x561.jpg 600w, https:\/\/bts-fixings.es\/wp-content\/uploads\/2024\/05\/COMBI-01-300x280.jpg 300w, https:\/\/bts-fixings.es\/wp-content\/uploads\/2024\/05\/COMBI-01-1024x957.jpg 1024w, https:\/\/bts-fixings.es\/wp-content\/uploads\/2024\/05\/COMBI-01-768x718.jpg 768w, https:\/\/bts-fixings.es\/wp-content\/uploads\/2024\/05\/COMBI-01-1536x1436.jpg 1536w, https:\/\/bts-fixings.es\/wp-content\/uploads\/2024\/05\/COMBI-01-2048x1914.jpg 2048w\" sizes=\"(max-width: 2560px) 100vw, 2560px\" \/><\/figure><div class=\"elementor-image-box-content\"><h3 class=\"elementor-image-box-title\">BSA<\/h3><p class=\"elementor-image-box-description\">Abrazadera Isof\u00f3nica Premium<\/p><\/div><\/div>\t\t\t\t<\/div>\n\t\t\t\t<\/div>\n\t\t\t\t<div class=\"elementor-element elementor-element-e1b494b elementor-position-top elementor-widget elementor-widget-image-box\" data-id=\"e1b494b\" data-element_type=\"widget\" data-widget_type=\"image-box.default\">\n\t\t\t\t<div class=\"elementor-widget-container\">\n\t\t\t\t\t<div class=\"elementor-image-box-wrapper\"><figure class=\"elementor-image-box-img\"><img decoding=\"async\" width=\"2560\" height=\"2218\" src=\"https:\/\/bts-fixings.es\/wp-content\/uploads\/2024\/05\/COMBI-02-scaled.jpg\" class=\"attachment-full size-full wp-image-403\" alt=\"\" srcset=\"https:\/\/bts-fixings.es\/wp-content\/uploads\/2024\/05\/COMBI-02-scaled.jpg 2560w, https:\/\/bts-fixings.es\/wp-content\/uploads\/2024\/05\/COMBI-02-scaled-600x520.jpg 600w, https:\/\/bts-fixings.es\/wp-content\/uploads\/2024\/05\/COMBI-02-300x260.jpg 300w, https:\/\/bts-fixings.es\/wp-content\/uploads\/2024\/05\/COMBI-02-1024x887.jpg 1024w, https:\/\/bts-fixings.es\/wp-content\/uploads\/2024\/05\/COMBI-02-768x665.jpg 768w, https:\/\/bts-fixings.es\/wp-content\/uploads\/2024\/05\/COMBI-02-1536x1331.jpg 1536w, https:\/\/bts-fixings.es\/wp-content\/uploads\/2024\/05\/COMBI-02-2048x1774.jpg 2048w\" sizes=\"(max-width: 2560px) 100vw, 2560px\" \/><\/figure><div class=\"elementor-image-box-content\"><h3 class=\"elementor-image-box-title\">RSA<\/h3><p class=\"elementor-image-box-description\">Abrazadera Isof\u00f3nica de GRANDES CARGAS<\/p><\/div><\/div>\t\t\t\t<\/div>\n\t\t\t\t<\/div>\n\t\t\t\t<div class=\"elementor-element elementor-element-585ed66 elementor-position-top elementor-widget elementor-widget-image-box\" data-id=\"585ed66\" data-element_type=\"widget\" data-widget_type=\"image-box.default\">\n\t\t\t\t<div class=\"elementor-widget-container\">\n\t\t\t\t\t<div class=\"elementor-image-box-wrapper\"><figure class=\"elementor-image-box-img\"><img decoding=\"async\" width=\"1497\" height=\"1966\" src=\"https:\/\/bts-fixings.es\/wp-content\/uploads\/2024\/05\/bsi.lh10874-scaled-e1716401828843.jpg\" class=\"attachment-full size-full wp-image-206\" alt=\"\" srcset=\"https:\/\/bts-fixings.es\/wp-content\/uploads\/2024\/05\/bsi.lh10874-scaled-e1716401828843.jpg 1497w, https:\/\/bts-fixings.es\/wp-content\/uploads\/2024\/05\/bsi.lh10874-scaled-e1716401828843-600x788.jpg 600w, https:\/\/bts-fixings.es\/wp-content\/uploads\/2024\/05\/bsi.lh10874-scaled-e1716401828843-228x300.jpg 228w, https:\/\/bts-fixings.es\/wp-content\/uploads\/2024\/05\/bsi.lh10874-scaled-e1716401828843-780x1024.jpg 780w, https:\/\/bts-fixings.es\/wp-content\/uploads\/2024\/05\/bsi.lh10874-scaled-e1716401828843-768x1009.jpg 768w, https:\/\/bts-fixings.es\/wp-content\/uploads\/2024\/05\/bsi.lh10874-scaled-e1716401828843-1170x1536.jpg 1170w\" sizes=\"(max-width: 1497px) 100vw, 1497px\" \/><\/figure><div class=\"elementor-image-box-content\"><h3 class=\"elementor-image-box-title\">BSI<\/h3><p class=\"elementor-image-box-description\">Abrazadera Isof\u00f3nica Residencial<\/p><\/div><\/div>\t\t\t\t<\/div>\n\t\t\t\t<\/div>\n\t\t\t\t\t<\/div>\n\t\t\t\t<\/div>\n\t\t<div class=\"elementor-element elementor-element-930ffd9 e-grid e-con-boxed e-con e-parent\" data-id=\"930ffd9\" data-element_type=\"container\">\n\t\t\t\t\t<div class=\"e-con-inner\">\n\t\t\t\t<div class=\"elementor-element elementor-element-55955ac elementor-position-top elementor-widget elementor-widget-image-box\" data-id=\"55955ac\" data-element_type=\"widget\" data-widget_type=\"image-box.default\">\n\t\t\t\t<div class=\"elementor-widget-container\">\n\t\t\t\t\t<div class=\"elementor-image-box-wrapper\"><figure class=\"elementor-image-box-img\"><img loading=\"lazy\" decoding=\"async\" width=\"1634\" height=\"1958\" src=\"https:\/\/bts-fixings.es\/wp-content\/uploads\/2024\/05\/bsi_l_clip_3d_f55064-scaled-e1716550608692.jpg\" class=\"attachment-full size-full wp-image-362\" alt=\"\" srcset=\"https:\/\/bts-fixings.es\/wp-content\/uploads\/2024\/05\/bsi_l_clip_3d_f55064-scaled-e1716550608692.jpg 1634w, https:\/\/bts-fixings.es\/wp-content\/uploads\/2024\/05\/bsi_l_clip_3d_f55064-scaled-e1716550608692-600x719.jpg 600w, https:\/\/bts-fixings.es\/wp-content\/uploads\/2024\/05\/bsi_l_clip_3d_f55064-scaled-e1716550608692-250x300.jpg 250w, https:\/\/bts-fixings.es\/wp-content\/uploads\/2024\/05\/bsi_l_clip_3d_f55064-scaled-e1716550608692-855x1024.jpg 855w, https:\/\/bts-fixings.es\/wp-content\/uploads\/2024\/05\/bsi_l_clip_3d_f55064-scaled-e1716550608692-768x920.jpg 768w, https:\/\/bts-fixings.es\/wp-content\/uploads\/2024\/05\/bsi_l_clip_3d_f55064-scaled-e1716550608692-1282x1536.jpg 1282w\" sizes=\"(max-width: 1634px) 100vw, 1634px\" \/><\/figure><div class=\"elementor-image-box-content\"><h3 class=\"elementor-image-box-title\">BSI-L<\/h3><p class=\"elementor-image-box-description\">Abrazadera Isof\u00f3nica Ligera<\/p><\/div><\/div>\t\t\t\t<\/div>\n\t\t\t\t<\/div>\n\t\t\t\t<div class=\"elementor-element elementor-element-8a9137e elementor-position-top elementor-widget elementor-widget-image-box\" data-id=\"8a9137e\" data-element_type=\"widget\" data-widget_type=\"image-box.default\">\n\t\t\t\t<div class=\"elementor-widget-container\">\n\t\t\t\t\t<div class=\"elementor-image-box-wrapper\"><figure class=\"elementor-image-box-img\"><img loading=\"lazy\" decoding=\"async\" width=\"1493\" height=\"2048\" src=\"https:\/\/bts-fixings.es\/wp-content\/uploads\/2024\/05\/bsh.lh10894-scaled-e1716550701824.jpg\" class=\"attachment-full size-full wp-image-309\" alt=\"\" srcset=\"https:\/\/bts-fixings.es\/wp-content\/uploads\/2024\/05\/bsh.lh10894-scaled-e1716550701824.jpg 1493w, https:\/\/bts-fixings.es\/wp-content\/uploads\/2024\/05\/bsh.lh10894-scaled-e1716550701824-600x823.jpg 600w, https:\/\/bts-fixings.es\/wp-content\/uploads\/2024\/05\/bsh.lh10894-scaled-e1716550701824-219x300.jpg 219w, https:\/\/bts-fixings.es\/wp-content\/uploads\/2024\/05\/bsh.lh10894-scaled-e1716550701824-747x1024.jpg 747w, https:\/\/bts-fixings.es\/wp-content\/uploads\/2024\/05\/bsh.lh10894-scaled-e1716550701824-768x1053.jpg 768w, https:\/\/bts-fixings.es\/wp-content\/uploads\/2024\/05\/bsh.lh10894-scaled-e1716550701824-1120x1536.jpg 1120w\" sizes=\"(max-width: 1493px) 100vw, 1493px\" \/><\/figure><div class=\"elementor-image-box-content\"><h3 class=\"elementor-image-box-title\">BSH<\/h3><p class=\"elementor-image-box-description\">Abrazadera Isof\u00f3nica Ligera de Bisagra<\/p><\/div><\/div>\t\t\t\t<\/div>\n\t\t\t\t<\/div>\n\t\t\t\t<div class=\"elementor-element elementor-element-1700d27 elementor-position-top elementor-widget elementor-widget-image-box\" data-id=\"1700d27\" data-element_type=\"widget\" data-widget_type=\"image-box.default\">\n\t\t\t\t<div class=\"elementor-widget-container\">\n\t\t\t\t\t<div class=\"elementor-image-box-wrapper\"><figure class=\"elementor-image-box-img\"><img loading=\"lazy\" decoding=\"async\" width=\"2560\" height=\"2183\" src=\"https:\/\/bts-fixings.es\/wp-content\/uploads\/2024\/05\/COMBI-03-scaled.jpg\" class=\"attachment-full size-full wp-image-404\" alt=\"\" srcset=\"https:\/\/bts-fixings.es\/wp-content\/uploads\/2024\/05\/COMBI-03-scaled.jpg 2560w, https:\/\/bts-fixings.es\/wp-content\/uploads\/2024\/05\/COMBI-03-scaled-600x512.jpg 600w, https:\/\/bts-fixings.es\/wp-content\/uploads\/2024\/05\/COMBI-03-300x256.jpg 300w, https:\/\/bts-fixings.es\/wp-content\/uploads\/2024\/05\/COMBI-03-1024x873.jpg 1024w, https:\/\/bts-fixings.es\/wp-content\/uploads\/2024\/05\/COMBI-03-768x655.jpg 768w, https:\/\/bts-fixings.es\/wp-content\/uploads\/2024\/05\/COMBI-03-1536x1310.jpg 1536w, https:\/\/bts-fixings.es\/wp-content\/uploads\/2024\/05\/COMBI-03-2048x1746.jpg 2048w\" sizes=\"(max-width: 2560px) 100vw, 2560px\" \/><\/figure><div class=\"elementor-image-box-content\"><h3 class=\"elementor-image-box-title\">BSK-I<\/h3><p class=\"elementor-image-box-description\">Abrazadera Isof\u00f3nica para tuber\u00edas Pl\u00e1sticas<\/p><\/div><\/div>\t\t\t\t<\/div>\n\t\t\t\t<\/div>\n\t\t\t\t\t<\/div>\n\t\t\t\t<\/div>\n\t\t<div class=\"elementor-element elementor-element-f5c380d e-grid e-con-boxed e-con e-parent\" data-id=\"f5c380d\" data-element_type=\"container\">\n\t\t\t\t\t<div class=\"e-con-inner\">\n\t\t\t\t<div class=\"elementor-element elementor-element-d9b0246 elementor-position-top elementor-widget elementor-widget-image-box\" data-id=\"d9b0246\" data-element_type=\"widget\" data-widget_type=\"image-box.default\">\n\t\t\t\t<div class=\"elementor-widget-container\">\n\t\t\t\t\t<div class=\"elementor-image-box-wrapper\"><figure class=\"elementor-image-box-img\"><img loading=\"lazy\" decoding=\"async\" width=\"1672\" height=\"1796\" src=\"https:\/\/bts-fixings.es\/wp-content\/uploads\/2024\/05\/bsf.lh10914-scaled-e1716753400596.jpg\" class=\"attachment-full size-full wp-image-581\" alt=\"\" srcset=\"https:\/\/bts-fixings.es\/wp-content\/uploads\/2024\/05\/bsf.lh10914-scaled-e1716753400596.jpg 1672w, https:\/\/bts-fixings.es\/wp-content\/uploads\/2024\/05\/bsf.lh10914-scaled-e1716753400596-279x300.jpg 279w, https:\/\/bts-fixings.es\/wp-content\/uploads\/2024\/05\/bsf.lh10914-scaled-e1716753400596-953x1024.jpg 953w, https:\/\/bts-fixings.es\/wp-content\/uploads\/2024\/05\/bsf.lh10914-scaled-e1716753400596-768x825.jpg 768w, https:\/\/bts-fixings.es\/wp-content\/uploads\/2024\/05\/bsf.lh10914-scaled-e1716753400596-1430x1536.jpg 1430w, https:\/\/bts-fixings.es\/wp-content\/uploads\/2024\/05\/bsf.lh10914-scaled-e1716753400596-600x644.jpg 600w\" sizes=\"(max-width: 1672px) 100vw, 1672px\" \/><\/figure><div class=\"elementor-image-box-content\"><h3 class=\"elementor-image-box-title\">BSF<\/h3><p class=\"elementor-image-box-description\">Abrazadera reforzada sin aislamiento<\/p><\/div><\/div>\t\t\t\t<\/div>\n\t\t\t\t<\/div>\n\t\t\t\t<div class=\"elementor-element elementor-element-be9dded elementor-position-top elementor-widget elementor-widget-image-box\" data-id=\"be9dded\" data-element_type=\"widget\" data-widget_type=\"image-box.default\">\n\t\t\t\t<div class=\"elementor-widget-container\">\n\t\t\t\t\t<div class=\"elementor-image-box-wrapper\"><figure class=\"elementor-image-box-img\"><img loading=\"lazy\" decoding=\"async\" width=\"1472\" height=\"1898\" src=\"https:\/\/bts-fixings.es\/wp-content\/uploads\/2024\/05\/bsu.lh11244-scaled-e1716754773805.jpg\" class=\"attachment-full size-full wp-image-597\" alt=\"\" srcset=\"https:\/\/bts-fixings.es\/wp-content\/uploads\/2024\/05\/bsu.lh11244-scaled-e1716754773805.jpg 1472w, https:\/\/bts-fixings.es\/wp-content\/uploads\/2024\/05\/bsu.lh11244-scaled-e1716754773805-233x300.jpg 233w, https:\/\/bts-fixings.es\/wp-content\/uploads\/2024\/05\/bsu.lh11244-scaled-e1716754773805-794x1024.jpg 794w, https:\/\/bts-fixings.es\/wp-content\/uploads\/2024\/05\/bsu.lh11244-scaled-e1716754773805-768x990.jpg 768w, https:\/\/bts-fixings.es\/wp-content\/uploads\/2024\/05\/bsu.lh11244-scaled-e1716754773805-1191x1536.jpg 1191w, https:\/\/bts-fixings.es\/wp-content\/uploads\/2024\/05\/bsu.lh11244-scaled-e1716754773805-600x774.jpg 600w\" sizes=\"(max-width: 1472px) 100vw, 1472px\" \/><\/figure><div class=\"elementor-image-box-content\"><h3 class=\"elementor-image-box-title\">BSU<\/h3><p class=\"elementor-image-box-description\">Abrazadera sin aislamiento<\/p><\/div><\/div>\t\t\t\t<\/div>\n\t\t\t\t<\/div>\n\t\t\t\t<div class=\"elementor-element elementor-element-ad053e8 elementor-position-top elementor-widget elementor-widget-image-box\" data-id=\"ad053e8\" data-element_type=\"widget\" data-widget_type=\"image-box.default\">\n\t\t\t\t<div class=\"elementor-widget-container\">\n\t\t\t\t\t<div class=\"elementor-image-box-wrapper\"><figure class=\"elementor-image-box-img\"><img loading=\"lazy\" decoding=\"async\" width=\"700\" height=\"576\" src=\"https:\/\/bts-fixings.es\/wp-content\/uploads\/2024\/05\/rsf_collection_f38041_f45311-e1716837975937.jpg\" class=\"attachment-full size-full wp-image-639\" alt=\"\" srcset=\"https:\/\/bts-fixings.es\/wp-content\/uploads\/2024\/05\/rsf_collection_f38041_f45311-e1716837975937.jpg 700w, https:\/\/bts-fixings.es\/wp-content\/uploads\/2024\/05\/rsf_collection_f38041_f45311-e1716837975937-300x247.jpg 300w, https:\/\/bts-fixings.es\/wp-content\/uploads\/2024\/05\/rsf_collection_f38041_f45311-e1716837975937-600x494.jpg 600w\" sizes=\"(max-width: 700px) 100vw, 700px\" \/><\/figure><div class=\"elementor-image-box-content\"><h3 class=\"elementor-image-box-title\">RSF<\/h3><p class=\"elementor-image-box-description\">Abrazadera sin aislamiento para GRANDES CARGAS<\/p><\/div><\/div>\t\t\t\t<\/div>\n\t\t\t\t<\/div>\n\t\t\t\t\t<\/div>\n\t\t\t\t<\/div>\n\t\t<div class=\"elementor-element elementor-element-ea7342e e-grid e-con-boxed e-con e-parent\" data-id=\"ea7342e\" data-element_type=\"container\">\n\t\t\t\t\t<div class=\"e-con-inner\">\n\t\t\t\t<div class=\"elementor-element elementor-element-6602d95 elementor-position-top elementor-widget elementor-widget-image-box\" data-id=\"6602d95\" data-element_type=\"widget\" data-widget_type=\"image-box.default\">\n\t\t\t\t<div class=\"elementor-widget-container\">\n\t\t\t\t\t<div class=\"elementor-image-box-wrapper\"><figure class=\"elementor-image-box-img\"><img loading=\"lazy\" decoding=\"async\" width=\"527\" height=\"465\" src=\"https:\/\/bts-fixings.es\/wp-content\/uploads\/2024\/05\/bsl_collection_f32011_f32571-e1716838056770.jpg\" class=\"attachment-full size-full wp-image-656\" alt=\"\" srcset=\"https:\/\/bts-fixings.es\/wp-content\/uploads\/2024\/05\/bsl_collection_f32011_f32571-e1716838056770.jpg 527w, https:\/\/bts-fixings.es\/wp-content\/uploads\/2024\/05\/bsl_collection_f32011_f32571-e1716838056770-300x265.jpg 300w\" sizes=\"(max-width: 527px) 100vw, 527px\" \/><\/figure><div class=\"elementor-image-box-content\"><h3 class=\"elementor-image-box-title\">BSL<\/h3><p class=\"elementor-image-box-description\">Abrazadera para conductos circulares<\/p><\/div><\/div>\t\t\t\t<\/div>\n\t\t\t\t<\/div>\n\t\t\t\t<div class=\"elementor-element elementor-element-efaba35 elementor-position-top elementor-widget elementor-widget-image-box\" data-id=\"efaba35\" data-element_type=\"widget\" data-widget_type=\"image-box.default\">\n\t\t\t\t<div class=\"elementor-widget-container\">\n\t\t\t\t\t<div class=\"elementor-image-box-wrapper\"><figure class=\"elementor-image-box-img\"><img loading=\"lazy\" decoding=\"async\" width=\"555\" height=\"479\" src=\"https:\/\/bts-fixings.es\/wp-content\/uploads\/2024\/05\/bsl_a_collection_f32701_f32591-e1716838112374.jpg\" class=\"attachment-full size-full wp-image-680\" alt=\"\" srcset=\"https:\/\/bts-fixings.es\/wp-content\/uploads\/2024\/05\/bsl_a_collection_f32701_f32591-e1716838112374.jpg 555w, https:\/\/bts-fixings.es\/wp-content\/uploads\/2024\/05\/bsl_a_collection_f32701_f32591-e1716838112374-300x259.jpg 300w\" sizes=\"(max-width: 555px) 100vw, 555px\" \/><\/figure><div class=\"elementor-image-box-content\"><h3 class=\"elementor-image-box-title\">BSL-A<\/h3><p class=\"elementor-image-box-description\">Abrazadera para conductos circulares<\/p><\/div><\/div>\t\t\t\t<\/div>\n\t\t\t\t<\/div>\n\t\t\t\t<div class=\"elementor-element elementor-element-b7d2115 elementor-position-top elementor-widget elementor-widget-image-box\" data-id=\"b7d2115\" data-element_type=\"widget\" data-widget_type=\"image-box.default\">\n\t\t\t\t<div class=\"elementor-widget-container\">\n\t\t\t\t\t<div class=\"elementor-image-box-wrapper\"><figure class=\"elementor-image-box-img\"><img loading=\"lazy\" decoding=\"async\" width=\"2560\" height=\"2560\" src=\"https:\/\/bts-fixings.es\/wp-content\/uploads\/2024\/05\/bcs.lh12024-scaled.jpg\" class=\"attachment-full size-full wp-image-699\" alt=\"\" srcset=\"https:\/\/bts-fixings.es\/wp-content\/uploads\/2024\/05\/bcs.lh12024-scaled.jpg 2560w, https:\/\/bts-fixings.es\/wp-content\/uploads\/2024\/05\/bcs.lh12024-300x300.jpg 300w, https:\/\/bts-fixings.es\/wp-content\/uploads\/2024\/05\/bcs.lh12024-1024x1024.jpg 1024w, https:\/\/bts-fixings.es\/wp-content\/uploads\/2024\/05\/bcs.lh12024-150x150.jpg 150w, https:\/\/bts-fixings.es\/wp-content\/uploads\/2024\/05\/bcs.lh12024-768x768.jpg 768w, https:\/\/bts-fixings.es\/wp-content\/uploads\/2024\/05\/bcs.lh12024-1536x1536.jpg 1536w, https:\/\/bts-fixings.es\/wp-content\/uploads\/2024\/05\/bcs.lh12024-2048x2048.jpg 2048w, https:\/\/bts-fixings.es\/wp-content\/uploads\/2024\/05\/bcs.lh12024-600x600.jpg 600w, https:\/\/bts-fixings.es\/wp-content\/uploads\/2024\/05\/bcs.lh12024-100x100.jpg 100w\" sizes=\"(max-width: 2560px) 100vw, 2560px\" \/><\/figure><div class=\"elementor-image-box-content\"><h3 class=\"elementor-image-box-title\">BSC<\/h3><p class=\"elementor-image-box-description\">Abrazadera para contra-incendios<\/p><\/div><\/div>\t\t\t\t<\/div>\n\t\t\t\t<\/div>\n\t\t\t\t\t<\/div>\n\t\t\t\t<\/div>\n\t\t\t\t<\/div>\n\t\t","protected":false},"excerpt":{"rendered":"<p>ABRAZADERAS BSA Abrazadera Isof\u00f3nica Premium RSA Abrazadera Isof\u00f3nica de GRANDES CARGAS BSI Abrazadera Isof\u00f3nica Residencial BSI-L Abrazadera Isof\u00f3nica Ligera BSH Abrazadera Isof\u00f3nica Ligera de Bisagra BSK-I Abrazadera Isof\u00f3nica para tuber\u00edas Pl\u00e1sticas BSF Abrazadera reforzada sin aislamiento BSU Abrazadera sin aislamiento RSF Abrazadera sin aislamiento para GRANDES CARGAS BSL Abrazadera para conductos circulares BSL-A Abrazadera para [&hellip;]<\/p>\n","protected":false},"author":1,"featured_media":0,"parent":0,"menu_order":0,"comment_status":"closed","ping_status":"closed","template":"","meta":{"footnotes":""},"class_list":["post-399","page","type-page","status-publish","hentry"],"_links":{"self":[{"href":"https:\/\/bts-fixings.es\/index.php\/wp-json\/wp\/v2\/pages\/399","targetHints":{"allow":["GET"]}}],"collection":[{"href":"https:\/\/bts-fixings.es\/index.php\/wp-json\/wp\/v2\/pages"}],"about":[{"href":"https:\/\/bts-fixings.es\/index.php\/wp-json\/wp\/v2\/types\/page"}],"author":[{"embeddable":true,"href":"https:\/\/bts-fixings.es\/index.php\/wp-json\/wp\/v2\/users\/1"}],"replies":[{"embeddable":true,"href":"https:\/\/bts-fixings.es\/index.php\/wp-json\/wp\/v2\/comments?post=399"}],"version-history":[{"count":13,"href":"https:\/\/bts-fixings.es\/index.php\/wp-json\/wp\/v2\/pages\/399\/revisions"}],"predecessor-version":[{"id":1002,"href":"https:\/\/bts-fixings.es\/index.php\/wp-json\/wp\/v2\/pages\/399\/revisions\/1002"}],"wp:attachment":[{"href":"https:\/\/bts-fixings.es\/index.php\/wp-json\/wp\/v2\/media?parent=399"}],"curies":[{"name":"wp","href":"https:\/\/api.w.org\/{rel}","templated":true}]}}